{"id":1575,"date":"2020-11-17T15:10:04","date_gmt":"2020-11-17T14:10:04","guid":{"rendered":"http:\/\/www.grafas.org\/demo04\/?page_id=1575"},"modified":"2025-12-03T01:24:15","modified_gmt":"2025-12-03T00:24:15","slug":"about","status":"publish","type":"page","link":"https:\/\/smskolbuszowa.pl\/index.php\/about\/","title":{"rendered":"O nas"},"content":{"rendered":"\t\t<div data-elementor-type=\"wp-page\" data-elementor-id=\"1575\" class=\"elementor elementor-1575\">\n\t\t\t\t\t\t\t\t\t<section class=\"elementor-section elementor-top-section elementor-element elementor-element-363c1e27 elementor-section-full_width elementor-section-height-default elementor-section-height-default\" data-id=\"363c1e27\" data-element_type=\"section\">\n\t\t\t\t\t\t<div class=\"elementor-container elementor-column-gap-default\">\n\t\t\t\t\t<div class=\"elementor-column elementor-col-100 elementor-top-column elementor-element elementor-element-69e9cd3f\" data-id=\"69e9cd3f\" data-element_type=\"column\" data-settings=\"{&quot;background_background&quot;:&quot;classic&quot;}\">\n\t\t\t<div class=\"elementor-widget-wrap elementor-element-populated\">\n\t\t\t\t\t\t\t\t<div class=\"elementor-element elementor-element-21fddf72 elementor-widget elementor-widget-image\" data-id=\"21fddf72\" data-element_type=\"widget\" data-widget_type=\"image.default\">\n\t\t\t\t<div class=\"elementor-widget-container\">\n\t\t\t<style>\/*! elementor - v3.10.0 - 09-01-2023 *\/\n.elementor-widget-image{text-align:center}.elementor-widget-image a{display:inline-block}.elementor-widget-image a img[src$=\".svg\"]{width:48px}.elementor-widget-image img{vertical-align:middle;display:inline-block}<\/style>\t\t\t\t\t\t\t\t\t\t\t\t<img loading=\"lazy\" decoding=\"async\" width=\"1024\" height=\"683\" src=\"https:\/\/smskolbuszowa.pl\/wp-content\/uploads\/2024\/11\/Messenger_creation_CE49D0E9-0382-49E6-B412-2400E5ACA290-1024x683.jpeg\" class=\"attachment-large size-large wp-image-3334\" alt=\"\" srcset=\"https:\/\/smskolbuszowa.pl\/wp-content\/uploads\/2024\/11\/Messenger_creation_CE49D0E9-0382-49E6-B412-2400E5ACA290-1024x683.jpeg 1024w, https:\/\/smskolbuszowa.pl\/wp-content\/uploads\/2024\/11\/Messenger_creation_CE49D0E9-0382-49E6-B412-2400E5ACA290-300x200.jpeg 300w, https:\/\/smskolbuszowa.pl\/wp-content\/uploads\/2024\/11\/Messenger_creation_CE49D0E9-0382-49E6-B412-2400E5ACA290-768x512.jpeg 768w, https:\/\/smskolbuszowa.pl\/wp-content\/uploads\/2024\/11\/Messenger_creation_CE49D0E9-0382-49E6-B412-2400E5ACA290-1536x1024.jpeg 1536w, https:\/\/smskolbuszowa.pl\/wp-content\/uploads\/2024\/11\/Messenger_creation_CE49D0E9-0382-49E6-B412-2400E5ACA290-2048x1365.jpeg 2048w\" sizes=\"auto, (max-width: 1024px) 100vw, 1024px\" \/>\t\t\t\t\t\t\t\t\t\t\t\t\t\t\t<\/div>\n\t\t\t\t<\/div>\n\t\t\t\t<section class=\"elementor-section elementor-inner-section elementor-element elementor-element-f6067a0 elementor-section-boxed elementor-section-height-default elementor-section-height-default\" data-id=\"f6067a0\" data-element_type=\"section\">\n\t\t\t\t\t\t<div class=\"elementor-container elementor-column-gap-default\">\n\t\t\t\t\t<div class=\"elementor-column elementor-col-50 elementor-inner-column elementor-element elementor-element-d0f659c elementor-hidden-tablet elementor-hidden-phone\" data-id=\"d0f659c\" data-element_type=\"column\">\n\t\t\t<div class=\"elementor-widget-wrap\">\n\t\t\t\t\t\t\t\t\t<\/div>\n\t\t<\/div>\n\t\t\t\t<div class=\"elementor-column elementor-col-50 elementor-inner-column elementor-element elementor-element-c643472\" data-id=\"c643472\" data-element_type=\"column\">\n\t\t\t<div class=\"elementor-widget-wrap elementor-element-populated\">\n\t\t\t\t\t\t\t\t<div class=\"elementor-element elementor-element-184968d elementor-widget elementor-widget-heading\" data-id=\"184968d\" data-element_type=\"widget\" data-widget_type=\"heading.default\">\n\t\t\t\t<div class=\"elementor-widget-container\">\n\t\t\t<style>\/*! elementor - v3.10.0 - 09-01-2023 *\/\n.elementor-heading-title{padding:0;margin:0;line-height:1}.elementor-widget-heading .elementor-heading-title[class*=elementor-size-]>a{color:inherit;font-size:inherit;line-height:inherit}.elementor-widget-heading .elementor-heading-title.elementor-size-small{font-size:15px}.elementor-widget-heading .elementor-heading-title.elementor-size-medium{font-size:19px}.elementor-widget-heading .elementor-heading-title.elementor-size-large{font-size:29px}.elementor-widget-heading .elementor-heading-title.elementor-size-xl{font-size:39px}.elementor-widget-heading .elementor-heading-title.elementor-size-xxl{font-size:59px}<\/style><h1 class=\"elementor-heading-title elementor-size-default\">O nas<\/h1>\t\t<\/div>\n\t\t\t\t<\/div>\n\t\t\t\t\t<\/div>\n\t\t<\/div>\n\t\t\t\t\t\t\t<\/div>\n\t\t<\/section>\n\t\t\t\t<div class=\"elementor-element elementor-element-6499f21e elementor-widget elementor-widget-spacer\" data-id=\"6499f21e\" data-element_type=\"widget\" data-widget_type=\"spacer.default\">\n\t\t\t\t<div class=\"elementor-widget-container\">\n\t\t\t<style>\/*! elementor - v3.10.0 - 09-01-2023 *\/\n.elementor-column .elementor-spacer-inner{height:var(--spacer-size)}.e-con{--container-widget-width:100%}.e-con-inner>.elementor-widget-spacer,.e-con>.elementor-widget-spacer{width:var(--container-widget-width,var(--spacer-size));--align-self:var(--container-widget-align-self,initial);--flex-shrink:0}.e-con-inner>.elementor-widget-spacer>.elementor-widget-container,.e-con-inner>.elementor-widget-spacer>.elementor-widget-container>.elementor-spacer,.e-con>.elementor-widget-spacer>.elementor-widget-container,.e-con>.elementor-widget-spacer>.elementor-widget-container>.elementor-spacer{height:100%}.e-con-inner>.elementor-widget-spacer>.elementor-widget-container>.elementor-spacer>.elementor-spacer-inner,.e-con>.elementor-widget-spacer>.elementor-widget-container>.elementor-spacer>.elementor-spacer-inner{height:var(--container-widget-height,var(--spacer-size))}<\/style>\t\t<div class=\"elementor-spacer\">\n\t\t\t<div class=\"elementor-spacer-inner\"><\/div>\n\t\t<\/div>\n\t\t\t\t<\/div>\n\t\t\t\t<\/div>\n\t\t\t\t\t<\/div>\n\t\t<\/div>\n\t\t\t\t\t\t\t<\/div>\n\t\t<\/section>\n\t\t\t\t<section class=\"elementor-section elementor-top-section elementor-element elementor-element-549729a7 elementor-section-boxed elementor-section-height-default elementor-section-height-default\" data-id=\"549729a7\" data-element_type=\"section\" data-settings=\"{&quot;background_background&quot;:&quot;classic&quot;}\">\n\t\t\t\t\t\t<div class=\"elementor-container elementor-column-gap-default\">\n\t\t\t\t\t<div class=\"elementor-column elementor-col-50 elementor-top-column elementor-element elementor-element-2f89ff5c\" data-id=\"2f89ff5c\" data-element_type=\"column\">\n\t\t\t<div class=\"elementor-widget-wrap\">\n\t\t\t\t\t\t\t\t\t<\/div>\n\t\t<\/div>\n\t\t\t\t<div class=\"elementor-column elementor-col-50 elementor-top-column elementor-element elementor-element-385a429\" data-id=\"385a429\" data-element_type=\"column\">\n\t\t\t<div class=\"elementor-widget-wrap elementor-element-populated\">\n\t\t\t\t\t\t\t\t<section class=\"elementor-section elementor-inner-section elementor-element elementor-element-251ed17 elementor-section-boxed elementor-section-height-default elementor-section-height-default\" data-id=\"251ed17\" data-element_type=\"section\" data-settings=\"{&quot;background_background&quot;:&quot;classic&quot;}\">\n\t\t\t\t\t\t<div class=\"elementor-container elementor-column-gap-default\">\n\t\t\t\t\t<div class=\"elementor-column elementor-col-100 elementor-inner-column elementor-element elementor-element-43a13bad\" data-id=\"43a13bad\" data-element_type=\"column\">\n\t\t\t<div class=\"elementor-widget-wrap elementor-element-populated\">\n\t\t\t\t\t\t\t\t<div class=\"elementor-element elementor-element-5e7e3110 elementor-widget elementor-widget-text-editor\" data-id=\"5e7e3110\" data-element_type=\"widget\" data-widget_type=\"text-editor.default\">\n\t\t\t\t<div class=\"elementor-widget-container\">\n\t\t\t<style>\/*! elementor - v3.10.0 - 09-01-2023 *\/\n.elementor-widget-text-editor.elementor-drop-cap-view-stacked .elementor-drop-cap{background-color:#818a91;color:#fff}.elementor-widget-text-editor.elementor-drop-cap-view-framed .elementor-drop-cap{color:#818a91;border:3px solid;background-color:transparent}.elementor-widget-text-editor:not(.elementor-drop-cap-view-default) .elementor-drop-cap{margin-top:8px}.elementor-widget-text-editor:not(.elementor-drop-cap-view-default) .elementor-drop-cap-letter{width:1em;height:1em}.elementor-widget-text-editor .elementor-drop-cap{float:left;text-align:center;line-height:1;font-size:50px}.elementor-widget-text-editor .elementor-drop-cap-letter{display:inline-block}<\/style>\t\t\t\t<p>Szko\u0142a Mistrzostwa Sportowego w Kolbuszowej swoj\u0105 dzia\u0142alno\u015b\u0107 rozpocz\u0119\u0142a 1 wrze\u015bnia 2022 r. W oparciu o ustaw\u0119 prawa o\u015bwiatowego realizuje cele takie jak wszechstronny rozw\u00f3j ucznia w zakresie realizacji pasji sportowych w optymalnym po\u0142\u0105czeniu z indywidualnym rozwojem edukacyjnym i pog\u0142\u0119bianiem uzdolnie\u0144 dydaktycznych. Cele og\u00f3lnego kszta\u0142cenia<br \/>i wychowania s\u0105 tutaj zespolone z mo\u017cliwo\u015bci\u0105 uczestnictwa uczni\u00f3w w rozszerzonym procesie treningowym o charakterze progresywnym.<\/p><p>Szko\u0142a Mistrzostwa Sportowego w Kolbuszowej na poziomie szko\u0142y podstawowej tworzy warunki uczestnictwa w jednym treningu dziennie, daje zawodnikom wiedz\u0119 o zasadach w\u0142a\u015bciwego od\u017cywiania si\u0119, odnowy biologicznej, buduje odpowiedni rodzaj cech wolicjonalnych, k\u0142adzie nacisk na indywidualizacj\u0119 szkolenia oraz daje przygotowanie do funkcjonowania w sporcie.<\/p><p>Realizacja procesu szkolenia jest uwarunkowana kryteriami rozwoju biologicznego m\u0142odzie\u017cy, wiedz\u0105 na temat motoryki dziecka i jej zmian w czasie rozwoju, zmian psychicznych oraz prawid\u0142owo\u015bci szybkiego, dok\u0142adnego i trwa\u0142ego uczenia si\u0119 nawyk\u00f3w ruchowych.<\/p>\t\t\t\t\t\t<\/div>\n\t\t\t\t<\/div>\n\t\t\t\t\t<\/div>\n\t\t<\/div>\n\t\t\t\t\t\t\t<\/div>\n\t\t<\/section>\n\t\t\t\t\t<\/div>\n\t\t<\/div>\n\t\t\t\t\t\t\t<\/div>\n\t\t<\/section>\n\t\t\t\t<section class=\"elementor-section elementor-top-section elementor-element elementor-element-750d46ef elementor-section-full_width elementor-section-height-default elementor-section-height-default\" data-id=\"750d46ef\" data-element_type=\"section\" data-settings=\"{&quot;background_background&quot;:&quot;classic&quot;}\">\n\t\t\t\t\t\t<div class=\"elementor-container elementor-column-gap-default\">\n\t\t\t\t\t<div class=\"elementor-column elementor-col-100 elementor-top-column elementor-element elementor-element-ce79bdd\" data-id=\"ce79bdd\" data-element_type=\"column\">\n\t\t\t<div class=\"elementor-widget-wrap elementor-element-populated\">\n\t\t\t\t\t\t\t\t<div class=\"elementor-element elementor-element-57bb62e elementor-pagination-position-outside elementor-widget elementor-widget-image-carousel\" data-id=\"57bb62e\" data-element_type=\"widget\" data-settings=\"{&quot;slides_to_show&quot;:&quot;3&quot;,&quot;navigation&quot;:&quot;dots&quot;,&quot;lazyload&quot;:&quot;yes&quot;,&quot;autoplay&quot;:&quot;yes&quot;,&quot;pause_on_hover&quot;:&quot;yes&quot;,&quot;pause_on_interaction&quot;:&quot;yes&quot;,&quot;autoplay_speed&quot;:5000,&quot;infinite&quot;:&quot;yes&quot;,&quot;speed&quot;:500,&quot;image_spacing_custom&quot;:{&quot;unit&quot;:&quot;px&quot;,&quot;size&quot;:20,&quot;sizes&quot;:[]}}\" data-widget_type=\"image-carousel.default\">\n\t\t\t\t<div class=\"elementor-widget-container\">\n\t\t\t<style>\/*! elementor - v3.10.0 - 09-01-2023 *\/\n.elementor-widget-image-carousel .swiper-container{position:static}.elementor-widget-image-carousel .swiper-container .swiper-slide figure{line-height:inherit}.elementor-widget-image-carousel .swiper-slide{text-align:center}.elementor-image-carousel-wrapper:not(.swiper-container-initialized) .swiper-slide{max-width:calc(100% \/ var(--e-image-carousel-slides-to-show, 3))}<\/style>\t\t<div class=\"elementor-image-carousel-wrapper swiper-container\" dir=\"ltr\">\n\t\t\t<div class=\"elementor-image-carousel swiper-wrapper swiper-image-stretch\">\n\t\t\t\t\t\t\t\t<div class=\"swiper-slide\"><a data-elementor-open-lightbox=\"yes\" data-elementor-lightbox-slideshow=\"57bb62e\" data-elementor-lightbox-title=\"IMG_0712\" e-action-hash=\"#elementor-action%3Aaction%3Dlightbox%26settings%3DeyJpZCI6MzEyOCwidXJsIjoiaHR0cHM6XC9cL3Ntc2tvbGJ1c3pvd2EucGxcL3dwLWNvbnRlbnRcL3VwbG9hZHNcLzIwMjNcLzAxXC9JTUdfMDcxMi1zY2FsZWQuanBnIiwic2xpZGVzaG93IjoiNTdiYjYyZSJ9\" href=\"https:\/\/smskolbuszowa.pl\/wp-content\/uploads\/2023\/01\/IMG_0712-scaled.jpg\"><figure class=\"swiper-slide-inner\"><img class=\"swiper-slide-image swiper-lazy\" data-src=\"https:\/\/smskolbuszowa.pl\/wp-content\/uploads\/2023\/01\/IMG_0712-768x1024.jpg\" alt=\"IMG_0712\" \/><div class=\"swiper-lazy-preloader\"><\/div><\/figure><\/a><\/div><div class=\"swiper-slide\"><a data-elementor-open-lightbox=\"yes\" data-elementor-lightbox-slideshow=\"57bb62e\" data-elementor-lightbox-title=\"IMG_20221008_110507\" e-action-hash=\"#elementor-action%3Aaction%3Dlightbox%26settings%3DeyJpZCI6MzA5OCwidXJsIjoiaHR0cHM6XC9cL3Ntc2tvbGJ1c3pvd2EucGxcL3dwLWNvbnRlbnRcL3VwbG9hZHNcLzIwMjNcLzAxXC9JTUdfMjAyMjEwMDhfMTEwNTA3LXNjYWxlZC1lMTY3MzgyMjQ4NzY3Mi5qcGciLCJzbGlkZXNob3ciOiI1N2JiNjJlIn0%3D\" href=\"https:\/\/smskolbuszowa.pl\/wp-content\/uploads\/2023\/01\/IMG_20221008_110507-scaled-e1673822487672.jpg\"><figure class=\"swiper-slide-inner\"><img class=\"swiper-slide-image swiper-lazy\" data-src=\"https:\/\/smskolbuszowa.pl\/wp-content\/uploads\/2023\/01\/IMG_20221008_110507-scaled-e1673822487672-768x834.jpg\" alt=\"IMG_20221008_110507\" \/><div class=\"swiper-lazy-preloader\"><\/div><\/figure><\/a><\/div><div class=\"swiper-slide\"><a data-elementor-open-lightbox=\"yes\" data-elementor-lightbox-slideshow=\"57bb62e\" data-elementor-lightbox-title=\"IMG_20221021_163435\" e-action-hash=\"#elementor-action%3Aaction%3Dlightbox%26settings%3DeyJpZCI6MzEwMCwidXJsIjoiaHR0cHM6XC9cL3Ntc2tvbGJ1c3pvd2EucGxcL3dwLWNvbnRlbnRcL3VwbG9hZHNcLzIwMjNcLzAxXC9JTUdfMjAyMjEwMjFfMTYzNDM1LXNjYWxlZC5qcGciLCJzbGlkZXNob3ciOiI1N2JiNjJlIn0%3D\" href=\"https:\/\/smskolbuszowa.pl\/wp-content\/uploads\/2023\/01\/IMG_20221021_163435-scaled.jpg\"><figure class=\"swiper-slide-inner\"><img class=\"swiper-slide-image swiper-lazy\" data-src=\"https:\/\/smskolbuszowa.pl\/wp-content\/uploads\/2023\/01\/IMG_20221021_163435-768x363.jpg\" alt=\"IMG_20221021_163435\" \/><div class=\"swiper-lazy-preloader\"><\/div><\/figure><\/a><\/div><div class=\"swiper-slide\"><a data-elementor-open-lightbox=\"yes\" data-elementor-lightbox-slideshow=\"57bb62e\" data-elementor-lightbox-title=\"IMG_20221005_081200\" e-action-hash=\"#elementor-action%3Aaction%3Dlightbox%26settings%3DeyJpZCI6MzA5NywidXJsIjoiaHR0cHM6XC9cL3Ntc2tvbGJ1c3pvd2EucGxcL3dwLWNvbnRlbnRcL3VwbG9hZHNcLzIwMjNcLzAxXC9JTUdfMjAyMjEwMDVfMDgxMjAwLXNjYWxlZC5qcGciLCJzbGlkZXNob3ciOiI1N2JiNjJlIn0%3D\" href=\"https:\/\/smskolbuszowa.pl\/wp-content\/uploads\/2023\/01\/IMG_20221005_081200-scaled.jpg\"><figure class=\"swiper-slide-inner\"><img class=\"swiper-slide-image swiper-lazy\" data-src=\"https:\/\/smskolbuszowa.pl\/wp-content\/uploads\/2023\/01\/IMG_20221005_081200-768x363.jpg\" alt=\"IMG_20221005_081200\" \/><div class=\"swiper-lazy-preloader\"><\/div><\/figure><\/a><\/div><div class=\"swiper-slide\"><a data-elementor-open-lightbox=\"yes\" data-elementor-lightbox-slideshow=\"57bb62e\" data-elementor-lightbox-title=\"IMG_20221111_115241\" e-action-hash=\"#elementor-action%3Aaction%3Dlightbox%26settings%3DeyJpZCI6MzEwMywidXJsIjoiaHR0cHM6XC9cL3Ntc2tvbGJ1c3pvd2EucGxcL3dwLWNvbnRlbnRcL3VwbG9hZHNcLzIwMjNcLzAxXC9JTUdfMjAyMjExMTFfMTE1MjQxLXNjYWxlZC5qcGciLCJzbGlkZXNob3ciOiI1N2JiNjJlIn0%3D\" href=\"https:\/\/smskolbuszowa.pl\/wp-content\/uploads\/2023\/01\/IMG_20221111_115241-scaled.jpg\"><figure class=\"swiper-slide-inner\"><img class=\"swiper-slide-image swiper-lazy\" data-src=\"https:\/\/smskolbuszowa.pl\/wp-content\/uploads\/2023\/01\/IMG_20221111_115241-768x363.jpg\" alt=\"IMG_20221111_115241\" \/><div class=\"swiper-lazy-preloader\"><\/div><\/figure><\/a><\/div><div class=\"swiper-slide\"><a data-elementor-open-lightbox=\"yes\" data-elementor-lightbox-slideshow=\"57bb62e\" data-elementor-lightbox-title=\"IMG-20230114-WA0004\" e-action-hash=\"#elementor-action%3Aaction%3Dlightbox%26settings%3DeyJpZCI6MzAyMSwidXJsIjoiaHR0cHM6XC9cL3Ntc2tvbGJ1c3pvd2EucGxcL3dwLWNvbnRlbnRcL3VwbG9hZHNcLzIwMjNcLzAxXC9JTUctMjAyMzAxMTQtV0EwMDA0LmpwZyIsInNsaWRlc2hvdyI6IjU3YmI2MmUifQ%3D%3D\" href=\"https:\/\/smskolbuszowa.pl\/wp-content\/uploads\/2023\/01\/IMG-20230114-WA0004.jpg\"><figure class=\"swiper-slide-inner\"><img class=\"swiper-slide-image swiper-lazy\" data-src=\"https:\/\/smskolbuszowa.pl\/wp-content\/uploads\/2023\/01\/IMG-20230114-WA0004-768x1365.jpg\" alt=\"IMG-20230114-WA0004\" \/><div class=\"swiper-lazy-preloader\"><\/div><\/figure><\/a><\/div><div class=\"swiper-slide\"><a data-elementor-open-lightbox=\"yes\" data-elementor-lightbox-slideshow=\"57bb62e\" data-elementor-lightbox-title=\"IMG-20230114-WA0007\" e-action-hash=\"#elementor-action%3Aaction%3Dlightbox%26settings%3DeyJpZCI6MzAyNCwidXJsIjoiaHR0cHM6XC9cL3Ntc2tvbGJ1c3pvd2EucGxcL3dwLWNvbnRlbnRcL3VwbG9hZHNcLzIwMjNcLzAxXC9JTUctMjAyMzAxMTQtV0EwMDA3LmpwZyIsInNsaWRlc2hvdyI6IjU3YmI2MmUifQ%3D%3D\" href=\"https:\/\/smskolbuszowa.pl\/wp-content\/uploads\/2023\/01\/IMG-20230114-WA0007.jpg\"><figure class=\"swiper-slide-inner\"><img class=\"swiper-slide-image swiper-lazy\" data-src=\"https:\/\/smskolbuszowa.pl\/wp-content\/uploads\/2023\/01\/IMG-20230114-WA0007-768x346.jpg\" alt=\"IMG-20230114-WA0007\" \/><div class=\"swiper-lazy-preloader\"><\/div><\/figure><\/a><\/div><div class=\"swiper-slide\"><a data-elementor-open-lightbox=\"yes\" data-elementor-lightbox-slideshow=\"57bb62e\" data-elementor-lightbox-title=\"IMG_20221008_111135~2\" e-action-hash=\"#elementor-action%3Aaction%3Dlightbox%26settings%3DeyJpZCI6MzA5OSwidXJsIjoiaHR0cHM6XC9cL3Ntc2tvbGJ1c3pvd2EucGxcL3dwLWNvbnRlbnRcL3VwbG9hZHNcLzIwMjNcLzAxXC9JTUdfMjAyMjEwMDhfMTExMTM1Mi5qcGciLCJzbGlkZXNob3ciOiI1N2JiNjJlIn0%3D\" href=\"https:\/\/smskolbuszowa.pl\/wp-content\/uploads\/2023\/01\/IMG_20221008_1111352.jpg\"><figure class=\"swiper-slide-inner\"><img class=\"swiper-slide-image swiper-lazy\" data-src=\"https:\/\/smskolbuszowa.pl\/wp-content\/uploads\/2023\/01\/IMG_20221008_1111352-768x923.jpg\" alt=\"IMG_20221008_111135~2\" \/><div class=\"swiper-lazy-preloader\"><\/div><\/figure><\/a><\/div><div class=\"swiper-slide\"><a data-elementor-open-lightbox=\"yes\" data-elementor-lightbox-slideshow=\"57bb62e\" data-elementor-lightbox-title=\"IMG_20211009_104519_01\" e-action-hash=\"#elementor-action%3Aaction%3Dlightbox%26settings%3DeyJpZCI6MjcwNCwidXJsIjoiaHR0cHM6XC9cL3Ntc2tvbGJ1c3pvd2EucGxcL3dwLWNvbnRlbnRcL3VwbG9hZHNcLzIwMjJcLzA1XC9JTUdfMjAyMTEwMDlfMTA0NTE5XzAxLXNjYWxlZC5qcGciLCJzbGlkZXNob3ciOiI1N2JiNjJlIn0%3D\" href=\"https:\/\/smskolbuszowa.pl\/wp-content\/uploads\/2022\/05\/IMG_20211009_104519_01-scaled.jpg\"><figure class=\"swiper-slide-inner\"><img class=\"swiper-slide-image swiper-lazy\" data-src=\"https:\/\/smskolbuszowa.pl\/wp-content\/uploads\/2022\/05\/IMG_20211009_104519_01-768x363.jpg\" alt=\"IMG_20211009_104519_01\" \/><div class=\"swiper-lazy-preloader\"><\/div><\/figure><\/a><\/div>\t\t\t<\/div>\n\t\t\t\t\t\t\t\t\t\t\t\t<div class=\"swiper-pagination\"><\/div>\n\t\t\t\t\t\t\t\t\t\t\t\t\t<\/div>\n\t\t\t\t<\/div>\n\t\t\t\t<\/div>\n\t\t\t\t<div class=\"elementor-element elementor-element-bfdcf17 elementor-widget elementor-widget-image\" data-id=\"bfdcf17\" data-element_type=\"widget\" data-widget_type=\"image.default\">\n\t\t\t\t<div class=\"elementor-widget-container\">\n\t\t\t\t\t\t\t\t\t\t\t\t\t\t\t<img loading=\"lazy\" decoding=\"async\" width=\"225\" height=\"300\" src=\"https:\/\/smskolbuszowa.pl\/wp-content\/uploads\/2023\/02\/IMG-20230130-WA0009-225x300.jpg\" class=\"attachment-medium size-medium wp-image-3172\" alt=\"\" srcset=\"https:\/\/smskolbuszowa.pl\/wp-content\/uploads\/2023\/02\/IMG-20230130-WA0009-225x300.jpg 225w, https:\/\/smskolbuszowa.pl\/wp-content\/uploads\/2023\/02\/IMG-20230130-WA0009-768x1024.jpg 768w, https:\/\/smskolbuszowa.pl\/wp-content\/uploads\/2023\/02\/IMG-20230130-WA0009-1152x1536.jpg 1152w, https:\/\/smskolbuszowa.pl\/wp-content\/uploads\/2023\/02\/IMG-20230130-WA0009.jpg 1200w\" sizes=\"auto, (max-width: 225px) 100vw, 225px\" \/>\t\t\t\t\t\t\t\t\t\t\t\t\t\t\t<\/div>\n\t\t\t\t<\/div>\n\t\t\t\t\t<\/div>\n\t\t<\/div>\n\t\t\t\t\t\t\t<\/div>\n\t\t<\/section>\n\t\t\t\t<section class=\"elementor-section elementor-top-section elementor-element elementor-element-3fdf4c3 elementor-section-boxed elementor-section-height-default elementor-section-height-default\" data-id=\"3fdf4c3\" data-element_type=\"section\" data-settings=\"{&quot;background_background&quot;:&quot;classic&quot;}\">\n\t\t\t\t\t\t<div class=\"elementor-container elementor-column-gap-default\">\n\t\t\t\t\t<div class=\"elementor-column elementor-col-100 elementor-top-column elementor-element elementor-element-d7db632\" data-id=\"d7db632\" data-element_type=\"column\">\n\t\t\t<div class=\"elementor-widget-wrap elementor-element-populated\">\n\t\t\t\t\t\t\t\t<div class=\"elementor-element elementor-element-b828f28 elementor-widget elementor-widget-heading\" data-id=\"b828f28\" data-element_type=\"widget\" data-widget_type=\"heading.default\">\n\t\t\t\t<div class=\"elementor-widget-container\">\n\t\t\t<h2 class=\"elementor-heading-title elementor-size-default\">Zapisz swoje dziecko do naszej szko\u0142y<\/h2>\t\t<\/div>\n\t\t\t\t<\/div>\n\t\t\t\t<div class=\"elementor-element elementor-element-3cfa5a3 elementor-align-center elementor-mobile-align-justify elementor-widget elementor-widget-button\" data-id=\"3cfa5a3\" data-element_type=\"widget\" data-widget_type=\"button.default\">\n\t\t\t\t<div class=\"elementor-widget-container\">\n\t\t\t\t\t<div class=\"elementor-button-wrapper\">\n\t\t\t<a href=\"https:\/\/smskolbuszowa.pl\/index.php\/contact\/\" class=\"elementor-button-link elementor-button elementor-size-lg\" role=\"button\">\n\t\t\t\t\t\t<span class=\"elementor-button-content-wrapper\">\n\t\t\t\t\t\t<span class=\"elementor-button-text\">Skontaktuj si\u0119 z nami!<\/span>\n\t\t<\/span>\n\t\t\t\t\t<\/a>\n\t\t<\/div>\n\t\t\t\t<\/div>\n\t\t\t\t<\/div>\n\t\t\t\t\t<\/div>\n\t\t<\/div>\n\t\t\t\t\t\t\t<\/div>\n\t\t<\/section>\n\t\t\t\t<section class=\"elementor-section elementor-top-section elementor-element elementor-element-00b1a4c elementor-section-boxed elementor-section-height-default elementor-section-height-default\" data-id=\"00b1a4c\" data-element_type=\"section\">\n\t\t\t\t\t\t<div class=\"elementor-container elementor-column-gap-default\">\n\t\t\t\t\t<div class=\"elementor-column elementor-col-100 elementor-top-column elementor-element elementor-element-afcae67\" data-id=\"afcae67\" data-element_type=\"column\">\n\t\t\t<div class=\"elementor-widget-wrap elementor-element-populated\">\n\t\t\t\t\t\t\t\t<div class=\"elementor-element elementor-element-2d5b5e3 elementor-widget elementor-widget-text-editor\" data-id=\"2d5b5e3\" data-element_type=\"widget\" data-widget_type=\"text-editor.default\">\n\t\t\t\t<div class=\"elementor-widget-container\">\n\t\t\t\t\t\t\t<p>Chcia\u0142by\u015b wspom\u00f3c dzia\u0142alno\u015b\u0107 naszej plac\u00f3wki ?? Nic prostszego, wp\u0142a\u0107 dowoln\u0105 kwot\u0119 na konto naszej szko\u0142y, a przyczynisz si\u0119 do rozwoju naszych podopiecznych !!<\/p><p>SMS Kolbuszowa<\/p><p>Alior Bank<\/p><p><span style=\"color: rgb(37, 41, 53); font-family: Roboto; font-size: 16px; background-color: rgb(250, 251, 252);\">53 2490 0005 0000 4530 9275 7124<\/span><br><\/p><p><span style=\"color: rgb(37, 41, 53); font-family: Roboto; font-size: 16px; background-color: rgb(250, 251, 252);\">tytu\u0142em: darowizna dla szko\u0142y \ud83d\ude42<\/span><\/p>\n<p><br><\/p>\n<p><br><\/p>\t\t\t\t\t\t<\/div>\n\t\t\t\t<\/div>\n\t\t\t\t\t<\/div>\n\t\t<\/div>\n\t\t\t\t\t\t\t<\/div>\n\t\t<\/section>\n\t\t\t\t\t\t\t<\/div>\n\t\t","protected":false},"excerpt":{"rendered":"<p>O nas Szko\u0142a Mistrzostwa Sportowego w Kolbuszowej swoj\u0105 dzia\u0142alno\u015b\u0107 rozpocz\u0119\u0142a 1 wrze\u015bnia 2022 r. W oparciu o ustaw\u0119 prawa o\u015bwiatowego realizuje cele takie jak wszechstronny rozw\u00f3j ucznia w zakresie realizacji&hellip;<\/p>\n","protected":false},"author":1,"featured_media":0,"parent":0,"menu_order":0,"comment_status":"closed","ping_status":"closed","template":"","meta":{"_price":"","_stock":"","_tribe_ticket_header":"","_tribe_default_ticket_provider":"","_tribe_ticket_capacity":"0","_ticket_start_date":"","_ticket_end_date":"","_tribe_ticket_show_description":"","_tribe_ticket_show_not_going":false,"_tribe_ticket_use_global_stock":"","_tribe_ticket_global_stock_level":"","_global_stock_mode":"","_global_stock_cap":"","_tribe_rsvp_for_event":"","_tribe_ticket_going_count":"","_tribe_ticket_not_going_count":"","_tribe_tickets_list":[],"_tribe_ticket_has_attendee_info_fields":false,"_EventAllDay":false,"_EventTimezone":"","_EventStartDate":"","_EventEndDate":"","_EventStartDateUTC":"","_EventEndDateUTC":"","_EventShowMap":false,"_EventShowMapLink":false,"_EventURL":"","_EventCost":"","_EventCostDescription":"","_EventCurrencySymbol":"","_EventCurrencyCode":"","_EventCurrencyPosition":"","_EventDateTimeSeparator":"","_EventTimeRangeSeparator":"","_EventOrganizerID":[],"_EventVenueID":0,"_OrganizerEmail":"","_OrganizerPhone":"","_OrganizerWebsite":"","_VenueAddress":"","_VenueCity":"","_VenueCountry":"","_VenueProvince":"","_VenueZip":"","_VenuePhone":"","_VenueURL":"","_VenueStateProvince":"","_VenueLat":"","_VenueLng":"","footnotes":""},"class_list":["post-1575","page","type-page","status-publish","hentry"],"ticketed":false,"_links":{"self":[{"href":"https:\/\/smskolbuszowa.pl\/index.php\/wp-json\/wp\/v2\/pages\/1575","targetHints":{"allow":["GET"]}}],"collection":[{"href":"https:\/\/smskolbuszowa.pl\/index.php\/wp-json\/wp\/v2\/pages"}],"about":[{"href":"https:\/\/smskolbuszowa.pl\/index.php\/wp-json\/wp\/v2\/types\/page"}],"author":[{"embeddable":true,"href":"https:\/\/smskolbuszowa.pl\/index.php\/wp-json\/wp\/v2\/users\/1"}],"replies":[{"embeddable":true,"href":"https:\/\/smskolbuszowa.pl\/index.php\/wp-json\/wp\/v2\/comments?post=1575"}],"version-history":[{"count":71,"href":"https:\/\/smskolbuszowa.pl\/index.php\/wp-json\/wp\/v2\/pages\/1575\/revisions"}],"predecessor-version":[{"id":3546,"href":"https:\/\/smskolbuszowa.pl\/index.php\/wp-json\/wp\/v2\/pages\/1575\/revisions\/3546"}],"wp:attachment":[{"href":"https:\/\/smskolbuszowa.pl\/index.php\/wp-json\/wp\/v2\/media?parent=1575"}],"curies":[{"name":"wp","href":"https:\/\/api.w.org\/{rel}","templated":true}]}}